{"id":153,"date":"2023-10-17T22:08:09","date_gmt":"2023-10-18T02:08:09","guid":{"rendered":"https:\/\/fppc.monsiteweb.lacsq.org\/?page_id=153"},"modified":"2024-05-22T14:11:34","modified_gmt":"2024-05-22T18:11:34","slug":"affiliated-unions","status":"publish","type":"page","link":"https:\/\/fppc.qc.ca\/en\/federation\/affiliated-unions\/","title":{"rendered":"Affiliated Unions"},"content":{"rendered":"","protected":false},"excerpt":{"rendered":"","protected":false},"author":21,"featured_media":0,"parent":141,"menu_order":5,"comment_status":"closed","ping_status":"closed","template":"","meta":{"_acf_changed":false,"footnotes":""},"class_list":["post-153","page","type-page","status-publish","hentry"],"acf":{"afficher_hero":false,"image":null,"image_tablette":null,"image_mobile":null,"is_redirected_target_page":false,"target_page":null,"contenu_flexible":[{"acf_fc_layout":"1_colonne","texte":"All unions affiliated to the FPPC maintain their independence. Participatory democracy is thus at the very heart of their local bodies, giving them the required latitude with respect to the governance of local union matters.\r\n\r\nConsequently, the union, through its general assembly, determines the rate of its own share of the dues the CSQ will be handing back each month, and will use said share as it sees fit.\r\n\r\nThese dividends can therefore be used toward a local activity such as offering a meal during a general assembly or even a special activity during Education Professionals Week for instance. These contributions might also be used toward a union contingency fund to support members in the event of a strike. This autonomy is of great help to local union life and, by that very fact, member mobilization.\r\n\r\n<strong>Unions Member of the FPPC-CSQ<\/strong>\r\n\r\nThe F\u00e9d\u00e9ration du personnel professionnel des coll\u00e8ges is present in all regions of Quebec. The following lists the location of the FPPC\u2019s 38 affiliated unions:\r\n\r\n<strong>Bas-Saint-Laurent and Gasp\u00e9sie<\/strong>\r\n<ul>\r\n \t<li>Gasp\u00e9sie et des \u00eeles<\/li>\r\n \t<li>La Pocati\u00e8re<\/li>\r\n \t<li>Matane<\/li>\r\n \t<li>Rimouski<\/li>\r\n \t<li>Rivi\u00e8re-du-Loup<strong>\u00a0<\/strong><\/li>\r\n<\/ul>\r\n<strong>Centre-du-Qu\u00e9bec and Mauricie<\/strong>\r\n<ul>\r\n \t<li>Drummondville<\/li>\r\n \t<li>Shawinigan<\/li>\r\n \t<li>Victoriaville<strong>\u00a0<\/strong><\/li>\r\n<\/ul>\r\n<strong>C\u00f4te-Nord<\/strong>\r\n<ul>\r\n \t<li>Baie-Comeau<\/li>\r\n \t<li>Sept-\u00celes<strong>\u00a0<\/strong><\/li>\r\n<\/ul>\r\n<strong>Estrie<\/strong>\r\n<ul>\r\n \t<li>Champlain \u2013 Administration offices<\/li>\r\n \t<li>Champlain \u2013 Lennoxville Campus<\/li>\r\n \t<li>Sherbrooke<strong>\u00a0<\/strong><\/li>\r\n<\/ul>\r\n<strong>Saguenay-Lac-Saint-Jean<\/strong>\r\n<ul>\r\n \t<li>Alma<\/li>\r\n \t<li>Chicoutimi<\/li>\r\n \t<li>Saint-F\u00e9licien<strong>\u00a0<\/strong><\/li>\r\n<\/ul>\r\n<strong>Mont\u00e9r\u00e9gie<\/strong>\r\n<ul>\r\n \t<li>Granby<strong>\u00a0<\/strong><\/li>\r\n<\/ul>\r\n<strong>Montr\u00e9al Area<\/strong>\r\n<ul>\r\n \t<li>Ahuntsic<\/li>\r\n \t<li>Champlain \u2013 St-Lambert<\/li>\r\n \t<li>Dawson<\/li>\r\n \t<li>\u00c9douard-Montpetit<\/li>\r\n \t<li>G\u00e9rald-Godin<\/li>\r\n \t<li>John Abbott<\/li>\r\n \t<li>Lionel-Groulx<\/li>\r\n \t<li>Maisonneuve<\/li>\r\n \t<li>Marie-Victorin<\/li>\r\n \t<li>Saint-Jean-sur-Richelieu<\/li>\r\n \t<li>Saint-J\u00e9r\u00f4me<\/li>\r\n \t<li>Sorel-Tracy<\/li>\r\n \t<li>Valleyfield<\/li>\r\n \t<li>Vanier<\/li>\r\n \t<li>Vieux-Montr\u00e9al<strong>\u00a0<\/strong><\/li>\r\n<\/ul>\r\n<strong>Qu\u00e9bec and Chaudi\u00e8res-Appalaches<\/strong>\r\n<ul>\r\n \t<li>Beauce-Appalaches<\/li>\r\n \t<li>Champlain \u2013 St. Lawrence Campus<\/li>\r\n \t<li>Garneau<\/li>\r\n \t<li>Limoilou<strong>\u00a0<\/strong><\/li>\r\n<\/ul>\r\n<strong>Outaouais<\/strong>\r\n<ul>\r\n \t<li>Outaouais<\/li>\r\n \t<li>Heritage<strong>\u00a0<\/strong><\/li>\r\n<\/ul>\r\n<strong>The FPPC-CSQ is the most representative union organization of college professionals!<\/strong>\r\n\r\n&nbsp;","couleur":""}]},"_links":{"self":[{"href":"https:\/\/fppc.qc.ca\/en\/wp-json\/wp\/v2\/pages\/153","targetHints":{"allow":["GET"]}}],"collection":[{"href":"https:\/\/fppc.qc.ca\/en\/wp-json\/wp\/v2\/pages"}],"about":[{"href":"https:\/\/fppc.qc.ca\/en\/wp-json\/wp\/v2\/types\/page"}],"author":[{"embeddable":true,"href":"https:\/\/fppc.qc.ca\/en\/wp-json\/wp\/v2\/users\/21"}],"replies":[{"embeddable":true,"href":"https:\/\/fppc.qc.ca\/en\/wp-json\/wp\/v2\/comments?post=153"}],"version-history":[{"count":2,"href":"https:\/\/fppc.qc.ca\/en\/wp-json\/wp\/v2\/pages\/153\/revisions"}],"predecessor-version":[{"id":283,"href":"https:\/\/fppc.qc.ca\/en\/wp-json\/wp\/v2\/pages\/153\/revisions\/283"}],"up":[{"embeddable":true,"href":"https:\/\/fppc.qc.ca\/en\/wp-json\/wp\/v2\/pages\/141"}],"wp:attachment":[{"href":"https:\/\/fppc.qc.ca\/en\/wp-json\/wp\/v2\/media?parent=153"}],"curies":[{"name":"wp","href":"https:\/\/api.w.org\/{rel}","templated":true}]}}